{"id":80,"date":"2021-09-15T10:56:40","date_gmt":"2021-09-15T08:56:40","guid":{"rendered":"http:\/\/manonburzlabrande.com\/?page_id=80"},"modified":"2025-03-11T21:34:13","modified_gmt":"2025-03-11T20:34:13","slug":"full-cv","status":"publish","type":"page","link":"https:\/\/manonburzlabrande.com\/?page_id=80","title":{"rendered":"Full CV"},"content":{"rendered":"\n<ul><li>Recipient of the Austrian Academy of Sciences (\u00d6AW)&#8217;s Post-Doc-Track fellowship, September to November 2024<\/li><li>Doctorate obtained in December 2022. Title of my doctoral thesis: &#8220;The Plague of Poisonous Literature Reappraised; or, Reading the penny dreadfuls&#8217; patterns of circulation&#8221;<\/li><li>Dissertation shortlisted for the Research Society for Victorian Periodicals (RSVP)&#8217;s 2023 Sally Mitchell Dissertation Prize<\/li><li><a rel=\"noreferrer noopener\" href=\"https:\/\/twitter.com\/VPFA1\/status\/1416121829605969920\" target=\"_blank\">Greta Depledge PGR Prize Winner<\/a> (awarded at 2021 VPFA Annual Conference)<\/li><li>Member of the Victorian Popular Fiction Association (VPFA), the British Association for Victorian Studies (BAVS), the Wilkie Collins Society, and the International Gothic Association (IGA)<\/li><li>Former member of the executive council and public engagement officer of the <a rel=\"noreferrer noopener\" href=\"https:\/\/www.global19c.com\/\" target=\"_blank\">Society for Global Nineteenth-Century Studies <\/a>(2021-2023)<\/li><li>Peer-reviewer for the<em>&nbsp;Studies in Gothic Fiction&nbsp;<\/em>journal<\/li><li>French (native), English (C2), German (C1), Spanish (A2)<\/li><li><a rel=\"noreferrer noopener\" href=\"https:\/\/orcid.org\/0000-0001-9412-1863\" data-type=\"URL\" target=\"_blank\">Link to my ORCID profile<\/a><\/li><\/ul>\n\n\n\n<hr class=\"wp-block-separator\"\/>\n\n\n\n<p><strong>October 2024 &#8211; August 2025:<\/strong> Lecturer at the Department of English and American Studies, University of Vienna<\/p>\n\n\n\n<p class=\"has-text-align-left\"><strong>September 2024 &#8211; November 2024:<\/strong> Austrian Academy of Sciences (\u00d6AW)\u2019s Post-Doc-Track fellowship, University of Vienna<\/p>\n\n\n\n<p><strong>September 2023 &#8211; August 2024:<\/strong> Parental leave<\/p>\n\n\n\n<p><strong>2022 &#8211; 2023:<\/strong> Lecturer at the Department of English and American Studies, University of Vienna<\/p>\n\n\n\n<p><strong>2018 &#8211; 2022:<\/strong> University Assistant (Prae-Doc), doctoral researcher and lecturer at the Department of English and American Studies, University of Vienna &#8211; specialising in Victorian literature and popular culture.  Title of my doctoral thesis: &#8220;The Plague of Poisonous Literature Reappraised; or, Reading the penny dreadfuls&#8217; patterns of circulation&#8221;; PhD passed with distinction in December 2022. Dissertation shortlisted for the Research Society for Victorian Periodicals (RSVP)&#8217;s Sally Mitchell Dissertation Prize in 2023<br><br><strong>2017 &#8211; 2022:&nbsp;<\/strong>Official examiner for the DELF-DALF exam&nbsp;(Dipl\u00f4me d&#8217;\u00c9tudes en Langue Fran\u00e7aise-Dipl\u00f4me Approfondi en Langue Fran\u00e7aise) with the Institut Fran\u00e7ais in Vienna<br><br><strong>2020:<\/strong>&nbsp;&#8216;Ma\u00eetrise&#8217; (French four-year university qualification, passed with honours) in French as a Foreign Language at the University of Artois, France<br><br><strong>December 2017<\/strong>: DAEFLE (Dipl\u00f4me d&#8217;Aptitude \u00e0 l&#8217;Enseignement du Fran\u00e7ais Langue Etrang\u00e8re &#8211; French as a Foreign Language Teaching Diploma) passed with honours<br><br><strong>September 2017 &#8211; January 2018<\/strong>: French language assistant in M\u00f6dling, Austria<br><br><strong>2015 &#8211; 2017<\/strong>: English teacher at secondary school level in France (<em>Agr\u00e9gation<\/em>&nbsp;passed in 2015)<br><br><strong>2012 &#8211; 2014<\/strong>: MA (graduation with honours) in British, North-American and Post-Colonial Studies at the Sorbonne Nouvelle University, Paris<br>MA theses: &#8220;A Study of the Penny Dreadful: From its Gothic origins to its influence on detective fiction. The example of&nbsp;<em>The String of Pearls<\/em>&#8221; (written in English), and &#8220;&#8216;Quel homme \u00e9tait-ce donc &#8211; ou plut\u00f4t, quelle cr\u00e9ature sous une apparence humaine ?&#8217; L&#8217;\u00e9volution de la figure du vampire dans la litt\u00e9rature britannique du 19\u00e8me si\u00e8cle: Lord Ruthven, Sir Francis Varney et le Comte Dracula&#8221; (written in French)<br><br><strong>2013 &#8211; 2014<\/strong>: French language assistant in York, UK<br><br><strong>2009 &#8211; 2012<\/strong>: BA (&#8216;Licence&#8217;) in Anglophone Literatures, Language and Cultures at the University of Pau, France<\/p>\n","protected":false},"excerpt":{"rendered":"<p>Recipient of the Austrian Academy of Sciences (\u00d6AW)&#8217;s Post-Doc-Track fellowship, September to November 2024 Doctorate obtained in December 2022. Title of my doctoral thesis: &#8220;The Plague of Poisonous Literature Reappraised; or, Reading the penny dreadfuls&#8217; patterns of circulation&#8221; Dissertation shortlisted for the Research Society for Victorian Periodicals (RSVP)&#8217;s 2023 Sally Mitchell Dissertation Prize Greta Depledge &hellip; <\/p>\n<p class=\"link-more\"><a href=\"https:\/\/manonburzlabrande.com\/?page_id=80\" class=\"more-link\">Continue reading<span class=\"screen-reader-text\"> &#8220;Full CV&#8221;<\/span><\/a><\/p>\n","protected":false},"author":1,"featured_media":0,"parent":0,"menu_order":0,"comment_status":"closed","ping_status":"closed","template":"","meta":[],"_links":{"self":[{"href":"https:\/\/manonburzlabrande.com\/index.php?rest_route=\/wp\/v2\/pages\/80"}],"collection":[{"href":"https:\/\/manonburzlabrande.com\/index.php?rest_route=\/wp\/v2\/pages"}],"about":[{"href":"https:\/\/manonburzlabrande.com\/index.php?rest_route=\/wp\/v2\/types\/page"}],"author":[{"embeddable":true,"href":"https:\/\/manonburzlabrande.com\/index.php?rest_route=\/wp\/v2\/users\/1"}],"replies":[{"embeddable":true,"href":"https:\/\/manonburzlabrande.com\/index.php?rest_route=%2Fwp%2Fv2%2Fcomments&post=80"}],"version-history":[{"count":19,"href":"https:\/\/manonburzlabrande.com\/index.php?rest_route=\/wp\/v2\/pages\/80\/revisions"}],"predecessor-version":[{"id":289,"href":"https:\/\/manonburzlabrande.com\/index.php?rest_route=\/wp\/v2\/pages\/80\/revisions\/289"}],"wp:attachment":[{"href":"https:\/\/manonburzlabrande.com\/index.php?rest_route=%2Fwp%2Fv2%2Fmedia&parent=80"}],"curies":[{"name":"wp","href":"https:\/\/api.w.org\/{rel}","templated":true}]}}